{"id":25,"date":"2021-07-11T15:16:41","date_gmt":"2021-07-11T15:16:41","guid":{"rendered":"http:\/\/www.czechlandbooks.cz\/?page_id=25"},"modified":"2023-09-21T12:42:11","modified_gmt":"2023-09-21T12:42:11","slug":"authors","status":"publish","type":"page","link":"https:\/\/www.czechlandbooks.cz\/index.php\/book\/authors\/","title":{"rendered":"About Authors"},"content":{"rendered":"\n<p><strong>Luk\u00e1\u0161 Svoboda<\/strong><\/p>\n\n\n\n<p>Luk\u00e1\u0161 is a lawyer by education and a chief editor by profession. He has been involved in family history and genealogy for more than ten years. During his research he fell under the spell of old land books and since then he has been trying to promote them as an important source of knowledge. He occasionally publishes on his <a rel=\"noreferrer noopener\" href=\"http:\/\/kulanuvrodopisnyblog.blogspot.com\/\" data-type=\"URL\" data-id=\"http:\/\/kulanuvrodopisnyblog.blogspot.com\/\" target=\"_blank\">Czech blog<\/a> and has also privately published several family histories in book form.<\/p>\n\n\n\n<p> <\/p>\n\n\n\n<hr class=\"wp-block-separator alignwide has-text-color has-background has-accent-background-color has-accent-color is-style-default\"\/>\n\n\n\n<p><strong>Katherine Elizabeth Vasicek Challis<\/strong><\/p>\n\n\n\n<p>Kate is a fifth generation Texas Czech who has been actively researching her own family since 2007. She quickly realized that the key to understanding Czech genealogy was to learn Czech, which was the impetus behind gaining an MA in Linguistics. Kate is the marketing chair for CGSI (Czechoslovak Genealogical Society International) and enjoys <a href=\"http:\/\/czechoutyourancestors.com\/\" data-type=\"URL\" data-id=\"http:\/\/czechoutyourancestors.com\/\" target=\"_blank\" rel=\"noreferrer noopener\">blogging about Czech genealogy<\/a>. She spends her free time with her husband and five kids in the suburbs of Des Moines, Iowa.<\/p>\n","protected":false},"excerpt":{"rendered":"<p>Luk\u00e1\u0161 Svoboda Luk\u00e1\u0161 is a lawyer by education and a chief editor by profession. He has been involved in family history and genealogy for more than ten years. During his research he fell under the spell of old land books and since then he has been trying to promote them<span class=\"more-link\"><a href=\"https:\/\/www.czechlandbooks.cz\/index.php\/book\/authors\/\">Continue Reading<\/a><\/span><\/p>\n","protected":false},"author":1,"featured_media":0,"parent":17,"menu_order":3,"comment_status":"closed","ping_status":"closed","template":"","meta":{"footnotes":""},"class_list":["entry","author-czechlandb","post-25","page","type-page","status-publish"],"_links":{"self":[{"href":"https:\/\/www.czechlandbooks.cz\/index.php\/wp-json\/wp\/v2\/pages\/25","targetHints":{"allow":["GET"]}}],"collection":[{"href":"https:\/\/www.czechlandbooks.cz\/index.php\/wp-json\/wp\/v2\/pages"}],"about":[{"href":"https:\/\/www.czechlandbooks.cz\/index.php\/wp-json\/wp\/v2\/types\/page"}],"author":[{"embeddable":true,"href":"https:\/\/www.czechlandbooks.cz\/index.php\/wp-json\/wp\/v2\/users\/1"}],"replies":[{"embeddable":true,"href":"https:\/\/www.czechlandbooks.cz\/index.php\/wp-json\/wp\/v2\/comments?post=25"}],"version-history":[{"count":9,"href":"https:\/\/www.czechlandbooks.cz\/index.php\/wp-json\/wp\/v2\/pages\/25\/revisions"}],"predecessor-version":[{"id":165,"href":"https:\/\/www.czechlandbooks.cz\/index.php\/wp-json\/wp\/v2\/pages\/25\/revisions\/165"}],"up":[{"embeddable":true,"href":"https:\/\/www.czechlandbooks.cz\/index.php\/wp-json\/wp\/v2\/pages\/17"}],"wp:attachment":[{"href":"https:\/\/www.czechlandbooks.cz\/index.php\/wp-json\/wp\/v2\/media?parent=25"}],"curies":[{"name":"wp","href":"https:\/\/api.w.org\/{rel}","templated":true}]}}